{"id":1683,"date":"2016-06-13T16:11:07","date_gmt":"2016-06-13T16:11:07","guid":{"rendered":"http:\/\/karpetking.co.uk\/about-us\/"},"modified":"2017-02-13T14:46:45","modified_gmt":"2017-02-13T14:46:45","slug":"about-us","status":"publish","type":"page","link":"https:\/\/karpetking.co.uk\/es\/about-us\/","title":{"rendered":"Sobre nosotros"},"content":{"rendered":"<div class=\"wpb-content-wrapper\"><p>[vc_row][vc_column]<h2 id=\"uvc-type-wrap-2978\"  data-ultimate-target='#uvc-type-wrap-2978'  data-responsive-json-new='{\"font-size\":\"\",\"line-height\":\"desktop:46px;\"}'  class=\"uvc-type-wrap  ult-adjust-bottom-margin ult-responsive short uvc-type-align-left  uvc-wrap-352914298569dec4d1943ad\" style=\"text-align:left;\"><span  data-ultimate-target='#uvc-type-wrap-2978 .mycustfancy'  data-responsive-json-new='{\"font-size\":\"\",\"line-height\":\"\"}'  class=\"ultimate-typewriter-prefix mycustfancy ult-responsive\" style=\"font-weight:normal; text-transform: unset;\">Normas t\u00e9cnicas muy especializadas con <\/span><span id=\"typed-352914298569dec4d1943ad\" class=\"ultimate-typed-main \" style=\" font-family:&#039;Open Sans&#039;;font-weight:300; text-transform: unset;\"><\/span><script type=\"text\/javascript\">\n\t\t\t\t\t\tjQuery(function($){ \n\t\t\t\t\t\t\t$(document).ready(function(){\n\t\t\t\t\t\t\t\tif( typeof jQuery(\"#typed-352914298569dec4d1943ad\").typed == \"function\"){\n\t\t\t\t\t\t\t\t\t$(\"#typed-352914298569dec4d1943ad\").typed({\n\t\t\t\t\t\t\t\t\t\tstrings: [\"rendimiento.\",\"compromiso.\",\"enfoque.\"],\n\t\t\t\t\t\t\t\t\t\ttypeSpeed: 35,\n\t\t\t\t\t\t\t\t\t\tbackSpeed: 0,\n\t\t\t\t\t\t\t\t\t\tstartDelay: \"200\",\n\t\t\t\t\t\t\t\t\t\tbackDelay: \"1500\",\n\t\t\t\t\t\t\t\t\t\tloop: true,\n\t\t\t\t\t\t\t\t\t\tloopCount: false,\n\t\t\t\t\t\t\t\t\t\tshowCursor: true,\n\t\t\t\t\t\t\t\t\t\tcursorChar: \"|\",\n\t\t\t\t\t\t\t\t\t\tattr: null\n\t\t\t\t\t\t\t\t\t});\n\t\t\t\t\t\t\t\t}\n\t\t\t\t\t\t\t});\n\t\t\t\t\t\t});\n\t\t\t\t\t<\/script><\/h2>[\/vc_column][\/vc_row][vc_row][vc_column offset=\u00bbvc_col-md-10 vc_col-xs-12&#8243;][vc_column_text el_class=\u00bbfeatured lead\u00bb]La marca Karpet King es sin\u00f3nimo de sobreorillar alfombra (pesta\u00f1as), y ha estado a la vanguardia de la industria de la m\u00e1quina de coser experto alfombra durante muchos a\u00f1os.[\/vc_column_text][\/vc_column][vc_column offset=\u00bbvc_col-md-2 vc_col-xs-12&#8243; el_class=\u00bbpush-top\u00bb][vc_btn title=\u00bbCont\u00e1ctenos\u00bb size=\u00bblg\u00bb skin=\u00bbprimary\u00bb link=\u00bburl:http%3A%2F%2Fs243451291.websitehome.co.uk%2Fkarpetking.co.uk%2Fes%2Fcontact%2F|||\u00bb][vc_empty_space][\/vc_column][\/vc_row][vc_row bg_type=\u00bbno_bg\u00bb][vc_column][vc_separator color=\u00bbcustom\u00bb gap=\u00bbtall\u00bb gradient=\u00bbyes\u00bb][vc_row_inner][vc_column_inner width=\u00bb1\/2&#8243;][vc_custom_heading text=\u00bb<strong>Quienes<\/strong> somos\u00bb font_container=\u00bbtag:h3|text_align:left\u00bb use_theme_fonts=\u00bbyes\u00bb][vc_column_text]Situado en Lancashire, Reino Unido, tenemos locales modernos con personal capacitado que puede ayudarle.<\/p>\n<p>Suministramos maquinaria a muchos de los mayores fabricantes de alfombras, corporaciones de aviones y minoristas locales de alfombras y montadores de alfombras.<\/p>\n<p>Estamos orgullosos de nuestro servicio de alta calidad. Es por eso que somos l\u00edderes en nuestro campo.[\/vc_column_text][vc_empty_space height=\u00bb90px\u00bb][vc_single_image image=\u00bb888&#8243; img_size=\u00bbfull\u00bb css=\u00bb.vc_custom_1482249863296{border-top-width: 30px !important;}\u00bb][\/vc_column_inner][vc_column_inner width=\u00bb1\/2&#8243;][vc_single_image image=\u00bb882&#8243; img_size=\u00bbfull\u00bb][\/vc_column_inner][\/vc_row_inner][\/vc_column][\/vc_row]<\/p>\n<\/div>","protected":false},"excerpt":{"rendered":"<p>[vc_row][vc_column][\/vc_column][\/vc_row][vc_row][vc_column offset=\u00bbvc_col-md-10 vc_col-xs-12&#8243;][vc_column_text el_class=\u00bbfeatured lead\u00bb]La marca Karpet King es sin\u00f3nimo de sobreorillar alfombra (pesta\u00f1as), y ha estado a la vanguardia de la industria de la m\u00e1quina de coser experto alfombra durante muchos a\u00f1os.[\/vc_column_text][\/vc_column][vc_column offset=\u00bbvc_col-md-2 vc_col-xs-12&#8243; el_class=\u00bbpush-top\u00bb][vc_btn title=\u00bbCont\u00e1ctenos\u00bb size=\u00bblg\u00bb skin=\u00bbprimary\u00bb link=\u00bburl:http%3A%2F%2Fs243451291.websitehome.co.uk%2Fkarpetking.co.uk%2Fes%2Fcontact%2F|||\u00bb][vc_empty_space][\/vc_column][\/vc_row][vc_row bg_type=\u00bbno_bg\u00bb][vc_column][vc_separator color=\u00bbcustom\u00bb gap=\u00bbtall\u00bb gradient=\u00bbyes\u00bb][vc_row_inner][vc_column_inner width=\u00bb1\/2&#8243;][vc_custom_heading text=\u00bbQuienes somos\u00bb font_container=\u00bbtag:h3|text_align:left\u00bb use_theme_fonts=\u00bbyes\u00bb][vc_column_text]Situado en Lancashire, Reino Unido, tenemos locales [&hellip;]<\/p>\n","protected":false},"author":3,"featured_media":0,"parent":0,"menu_order":0,"comment_status":"closed","ping_status":"closed","template":"","meta":{"footnotes":""},"class_list":["post-1683","page","type-page","status-publish","hentry"],"_links":{"self":[{"href":"https:\/\/karpetking.co.uk\/es\/wp-json\/wp\/v2\/pages\/1683","targetHints":{"allow":["GET"]}}],"collection":[{"href":"https:\/\/karpetking.co.uk\/es\/wp-json\/wp\/v2\/pages"}],"about":[{"href":"https:\/\/karpetking.co.uk\/es\/wp-json\/wp\/v2\/types\/page"}],"author":[{"embeddable":true,"href":"https:\/\/karpetking.co.uk\/es\/wp-json\/wp\/v2\/users\/3"}],"replies":[{"embeddable":true,"href":"https:\/\/karpetking.co.uk\/es\/wp-json\/wp\/v2\/comments?post=1683"}],"version-history":[{"count":0,"href":"https:\/\/karpetking.co.uk\/es\/wp-json\/wp\/v2\/pages\/1683\/revisions"}],"wp:attachment":[{"href":"https:\/\/karpetking.co.uk\/es\/wp-json\/wp\/v2\/media?parent=1683"}],"curies":[{"name":"wp","href":"https:\/\/api.w.org\/{rel}","templated":true}]}}