{"id":1701,"date":"2016-11-14T19:25:18","date_gmt":"2016-11-14T19:25:18","guid":{"rendered":"http:\/\/karpetking.co.uk\/aircraft\/"},"modified":"2017-02-15T14:02:43","modified_gmt":"2017-02-15T14:02:43","slug":"aircraft","status":"publish","type":"page","link":"https:\/\/karpetking.co.uk\/es\/aircraft\/","title":{"rendered":"Alfombra de avi\u00f3n"},"content":{"rendered":"<div class=\"wpb-content-wrapper\"><p>[vc_row full_width=\u00bbstretch_row\u00bb wrap_container=\u00bbyes\u00bb is_section=\u00bbyes\u00bb remove_margin_top=\u00bbyes\u00bb remove_margin_bottom=\u00bbyes\u00bb remove_padding_top=\u00bbyes\u00bb remove_padding_bottom=\u00bbyes\u00bb remove_border=\u00bbyes\u00bb bg_type=\u00bbbg_color\u00bb ult_hide_row=\u00bbult_hide_row_value\u00bb ult_hide_row_mobile=\u00bbmobile\u00bb css=\u00bb.vc_custom_1482838818073{margin-top: 0px !important;margin-right: 0px !important;margin-bottom: 0px !important;margin-left: 0px !important;border-top-width: 0px !important;border-right-width: 0px !important;border-bottom-width: 0px !important;border-left-width: 0px !important;padding-top: 0px !important;padding-right: 0px !important;padding-bottom: 0px !important;padding-left: 0px !important;background-color: #0088cc !important;}\u00bb bg_color_value=\u00bb#2e333e\u00bb][vc_column width=\u00bb1\/4&#8243; text_align=\u00bbcenter\u00bb css=\u00bb.vc_custom_1479151420908{margin-top: 0px !important;margin-bottom: 0px !important;border-top-width: 0px !important;border-bottom-width: 0px !important;padding-top: 5px !important;padding-bottom: 3px !important;}\u00bb][vc_single_image image=\u00bb662&#8243; img_size=\u00bb200&#8243; alignment=\u00bbcenter\u00bb][\/vc_column][vc_column css_animation=\u00bbbounceInLeft\u00bb width=\u00bb1\/2&#8243; text_align=\u00bbcenter\u00bb css=\u00bb.vc_custom_1479119366918{margin-top: 0px !important;margin-right: 0px !important;margin-bottom: 0px !important;margin-left: 0px !important;border-top-width: 0px !important;border-right-width: 0px !important;border-bottom-width: 0px !important;border-left-width: 0px !important;padding-top: 0px !important;padding-right: 0px !important;padding-bottom: 0px !important;padding-left: 0px !important;}\u00bb][vc_column_text css=\u00bb.vc_custom_1485791015456{margin-top: 50px !important;}\u00bb]<\/p>\n<h2><span style=\"color: #ffffff;\">M\u00e1quinas de altas prestaciones<\/span><\/h2>\n<p>[\/vc_column_text][\/vc_column][vc_column width=\u00bb1\/4&#8243; text_align=\u00bbcenter\u00bb css=\u00bb.vc_custom_1479119402313{margin-top: 0px !important;margin-bottom: 0px !important;border-top-width: 0px !important;border-bottom-width: 0px !important;padding-top: 10px !important;padding-bottom: 0px !important;}\u00bb][vc_single_image image=\u00bb615&#8243; css=\u00bb.vc_custom_1478883740731{margin-top: 30px !important;}\u00bb][\/vc_column][\/vc_row][vc_row full_width=\u00bbstretch_row\u00bb bg_type=\u00bbbg_color\u00bb css=\u00bb.vc_custom_1485345274189{margin-right: 30px !important;margin-left: 30px !important;background-color: #0088cc !important;}\u00bb bg_color_value=\u00bb#0088cc\u00bb][vc_column][vc_column_text]<\/p>\n<h4 style=\"text-align: center;\"><span style=\"color: #ffffff;\"><strong>Nuestra m\u00e1quinas para avi\u00f3n<\/strong><\/span><\/h4>\n<p>[\/vc_column_text]<div class=\"porto-recent-portfolios classic wpb_content_element wpb_custom_b5ba7e135c7294c68d4a3742b6b69339\">\r\n\t\r\n\t\r\n\t<div class=\"portfolio-carousel porto-carousel owl-carousel big-nav has-ccols ccols-1 has-ccols-spacing ccols-lg-4 ccols-md-4 ccols-sm-4\" data-plugin-options=\"{&quot;themeConfig&quot;:true,&quot;nav&quot;:&quot;yes&quot;,&quot;dots&quot;:&quot;yes&quot;,&quot;lg&quot;:4,&quot;md&quot;:4,&quot;sm&quot;:4,&quot;margin&quot;:30}\">\r\n\t<div class=\"portfolio-slide\">\t<div class=\"portfolio-item outimage\">\r\n\t\t\t\t<a aria-label=\"Go to portfolio page\" class=\"text-decoration-none\" href=\"https:\/\/karpetking.co.uk\/es\/products\/kk812-aero-aircraft-carpet-serger\/\">\r\n\t\t\t<span class=\"thumb-info thumb-info-lighten thumb-info-centered-info thumb-info-hide-info-hover\">\r\n\t\t\t\t<span class=\"thumb-info-wrapper\">\r\n\t\t\t\t\t<img loading=\"lazy\" decoding=\"async\" class=\"img-responsive\" width=\"367\" height=\"367\" src=\"https:\/\/karpetking.co.uk\/wp-content\/uploads\/2016\/12\/karpet_king_812AERO_1-367x367.jpg\" alt=\"\" \/>\r\n\t\t\t\t\t\t\t\t\t\t\t\t\t\t\t\t<span class=\"thumb-info-action\">\r\n\t\t\t\t\t\t\t\t\t\t\t\t\t\t\t<span class=\"thumb-info-action-icon\"><i class=\"fa fa-link\"><\/i><\/span>\r\n\t\t\t\t\t\t\t\t\t\t\t\t\t\t\t\t\t\t\t\t<\/span>\r\n\t\t\t\t\t\t\t\t\t<\/span>\r\n\t\t\t<\/span>\r\n\t\t\t\t\t\t\t<h4 class=\"m-t-md m-b-none portfolio-title\">812 AERO Sobreorillar aviones<\/h4>\r\n\t\t\t\t\t\t\t\t\t<p class=\"m-b-sm color-body\">Alfombra de avi\u00f3n<\/p>\r\n\t\t\t\t\t\t\t\t\r\n\t\t\t\t\t\t\t\t\t\t\t\t<\/a>\r\n\t<\/div>\r\n\t<\/div><div class=\"portfolio-slide\">\t<div class=\"portfolio-item outimage\">\r\n\t\t\t\t<a aria-label=\"Go to portfolio page\" class=\"text-decoration-none\" href=\"https:\/\/karpetking.co.uk\/es\/products\/812-aero-heavy-duty-aircraft-carpet-serger\/\">\r\n\t\t\t<span class=\"thumb-info thumb-info-lighten thumb-info-centered-info thumb-info-hide-info-hover\">\r\n\t\t\t\t<span class=\"thumb-info-wrapper\">\r\n\t\t\t\t\t<img loading=\"lazy\" decoding=\"async\" class=\"img-responsive\" width=\"367\" height=\"367\" src=\"https:\/\/karpetking.co.uk\/wp-content\/uploads\/2016\/12\/karpet_king_812AEROplus_2-367x367.jpg\" alt=\"\" \/>\r\n\t\t\t\t\t\t\t\t\t\t\t\t\t\t\t\t<span class=\"thumb-info-action\">\r\n\t\t\t\t\t\t\t\t\t\t\t\t\t\t\t<span class=\"thumb-info-action-icon\"><i class=\"fa fa-link\"><\/i><\/span>\r\n\t\t\t\t\t\t\t\t\t\t\t\t\t\t\t\t\t\t\t\t<\/span>\r\n\t\t\t\t\t\t\t\t\t<\/span>\r\n\t\t\t<\/span>\r\n\t\t\t\t\t\t\t<h4 class=\"m-t-md m-b-none portfolio-title\">812 AERO+ Tarea pesada maquina de sobreorillar<\/h4>\r\n\t\t\t\t\t\t\t\t\t<p class=\"m-b-sm color-body\">Alfombra de avi\u00f3n<\/p>\r\n\t\t\t\t\t\t\t\t\r\n\t\t\t\t\t\t\t\t\t\t\t\t<\/a>\r\n\t<\/div>\r\n\t<\/div><div class=\"portfolio-slide\">\t<div class=\"portfolio-item outimage\">\r\n\t\t\t\t<a aria-label=\"Go to portfolio page\" class=\"text-decoration-none\" href=\"https:\/\/karpetking.co.uk\/es\/products\/kk812-pbl-aero-portable-aircraft-carpet-serger\/\">\r\n\t\t\t<span class=\"thumb-info thumb-info-lighten thumb-info-centered-info thumb-info-hide-info-hover\">\r\n\t\t\t\t<span class=\"thumb-info-wrapper\">\r\n\t\t\t\t\t<img loading=\"lazy\" decoding=\"async\" class=\"img-responsive\" width=\"367\" height=\"367\" src=\"https:\/\/karpetking.co.uk\/wp-content\/uploads\/2016\/12\/karpet_king_812PBL_1-1-367x367.jpg\" alt=\"\" \/>\r\n\t\t\t\t\t\t\t\t\t\t\t\t\t\t\t\t<span class=\"thumb-info-action\">\r\n\t\t\t\t\t\t\t\t\t\t\t\t\t\t\t<span class=\"thumb-info-action-icon\"><i class=\"fa fa-link\"><\/i><\/span>\r\n\t\t\t\t\t\t\t\t\t\t\t\t\t\t\t\t\t\t\t\t<\/span>\r\n\t\t\t\t\t\t\t\t\t<\/span>\r\n\t\t\t<\/span>\r\n\t\t\t\t\t\t\t<h4 class=\"m-t-md m-b-none portfolio-title\">812 PBL AERO M\u00e1quina de sobreorillar port\u00e1til<\/h4>\r\n\t\t\t\t\t\t\t\t\t<p class=\"m-b-sm color-body\">Alfombra de avi\u00f3n<\/p>\r\n\t\t\t\t\t\t\t\t\r\n\t\t\t\t\t\t\t\t\t\t\t\t<\/a>\r\n\t<\/div>\r\n\t<\/div><div class=\"portfolio-slide\">\t<div class=\"portfolio-item outimage\">\r\n\t\t\t\t<a aria-label=\"Go to portfolio page\" class=\"text-decoration-none\" href=\"https:\/\/karpetking.co.uk\/es\/products\/kk712rp-aero-high-speed-aircraft-carpet-serger\/\">\r\n\t\t\t<span class=\"thumb-info thumb-info-lighten thumb-info-centered-info thumb-info-hide-info-hover\">\r\n\t\t\t\t<span class=\"thumb-info-wrapper\">\r\n\t\t\t\t\t<img loading=\"lazy\" decoding=\"async\" class=\"img-responsive\" width=\"367\" height=\"367\" src=\"https:\/\/karpetking.co.uk\/wp-content\/uploads\/2016\/12\/712RPAERO6x8-367x367.png\" alt=\"\" \/>\r\n\t\t\t\t\t\t\t\t\t\t\t\t\t\t\t\t<span class=\"thumb-info-action\">\r\n\t\t\t\t\t\t\t\t\t\t\t\t\t\t\t<span class=\"thumb-info-action-icon\"><i class=\"fa fa-link\"><\/i><\/span>\r\n\t\t\t\t\t\t\t\t\t\t\t\t\t\t\t\t\t\t\t\t<\/span>\r\n\t\t\t\t\t\t\t\t\t<\/span>\r\n\t\t\t<\/span>\r\n\t\t\t\t\t\t\t<h4 class=\"m-t-md m-b-none portfolio-title\">712 RP AERO Sobreorillar de alta velocidad<\/h4>\r\n\t\t\t\t\t\t\t\t\t<p class=\"m-b-sm color-body\">Alfombra de avi\u00f3n<\/p>\r\n\t\t\t\t\t\t\t\t\r\n\t\t\t\t\t\t\t\t\t\t\t\t<\/a>\r\n\t<\/div>\r\n\t<\/div>\t<\/div>\r\n\r\n\t\r\n\t<\/div>[\/vc_column][\/vc_row][vc_row wrap_container=\u00bbyes\u00bb css=\u00bb.vc_custom_1485195371723{padding-top: 20px !important;padding-bottom: 20px !important;}\u00bb][vc_column width=\u00bb1\/2&#8243;][vc_column_text css=\u00bb.vc_custom_1485791119348{padding-top: 20px !important;padding-right: 20px !important;padding-bottom: 20px !important;padding-left: 20px !important;}\u00bb]<\/p>\n<h1>M\u00e1quinas de sobreorillar para avi\u00f3n<\/h1>\n<p>la m\u00e1quina de sobreorillar Karpet King AERO,tambi\u00e9n conocida como m\u00e1quina de sobrehilar o rematar alfombras, es sumamente vers\u00e1til y apta para los numerosos tipos de alfombra que actualmente se fabrican, tanto con fibras naturales como sint\u00e9ticas.[\/vc_column_text][\/vc_column][vc_column width=\u00bb1\/2&#8243; css=\u00bb.vc_custom_1485195316789{padding: 20px !important;}\u00bb][vc_column_text]<\/p>\n<h1><span id=\"result_box\" class=\"\" lang=\"es\" tabindex=\"-1\"><span title=\"We are the experts in FLYING CARPETS \">Somos los expertos en ALFOMBRAS VOLANTES<\/span><\/span><\/h1>\n<p><span id=\"result_box\" class=\"\" lang=\"es\" tabindex=\"-1\"><span class=\"\">En el mundo de la log\u00edstica de la aviaci\u00f3n comercial es una palabra que para muchas sumas de toda la industria.<\/span> <span class=\"\">Tener el tama\u00f1o correcto o conjunto de buques de la alfombra de reemplazo en el lugar correcto a corto plazo es vital.<\/span><\/span><\/p>\n<p><span class=\"\">Muchas compa\u00f1\u00edas a\u00e9reas nos preguntan c\u00f3mo podemos simplificar esto, permiti\u00e9ndoles reemplazar r\u00e1pidamente las alfombras de los aviones en m\u00faltiples ubicaciones, ya sea por da\u00f1os accidentales, desgaste o reajuste planeado.<\/span><\/p>\n<p>[\/vc_column_text][\/vc_column][\/vc_row]<\/p>\n<\/div>","protected":false},"excerpt":{"rendered":"<p>[vc_row full_width=\u00bbstretch_row\u00bb wrap_container=\u00bbyes\u00bb is_section=\u00bbyes\u00bb remove_margin_top=\u00bbyes\u00bb remove_margin_bottom=\u00bbyes\u00bb remove_padding_top=\u00bbyes\u00bb remove_padding_bottom=\u00bbyes\u00bb remove_border=\u00bbyes\u00bb bg_type=\u00bbbg_color\u00bb ult_hide_row=\u00bbult_hide_row_value\u00bb ult_hide_row_mobile=\u00bbmobile\u00bb css=\u00bb.vc_custom_1482838818073{margin-top: 0px !important;margin-right: 0px !important;margin-bottom: 0px !important;margin-left: 0px !important;border-top-width: 0px !important;border-right-width: 0px !important;border-bottom-width: 0px !important;border-left-width: 0px !important;padding-top: 0px !important;padding-right: 0px !important;padding-bottom: 0px !important;padding-left: 0px !important;background-color: #0088cc !important;}\u00bb bg_color_value=\u00bb#2e333e\u00bb][vc_column width=\u00bb1\/4&#8243; text_align=\u00bbcenter\u00bb css=\u00bb.vc_custom_1479151420908{margin-top: 0px !important;margin-bottom: 0px !important;border-top-width: 0px !important;border-bottom-width: 0px !important;padding-top: 5px !important;padding-bottom: 3px !important;}\u00bb][vc_single_image [&hellip;]<\/p>\n","protected":false},"author":3,"featured_media":0,"parent":0,"menu_order":0,"comment_status":"closed","ping_status":"closed","template":"","meta":{"footnotes":""},"class_list":["post-1701","page","type-page","status-publish","hentry"],"_links":{"self":[{"href":"https:\/\/karpetking.co.uk\/es\/wp-json\/wp\/v2\/pages\/1701","targetHints":{"allow":["GET"]}}],"collection":[{"href":"https:\/\/karpetking.co.uk\/es\/wp-json\/wp\/v2\/pages"}],"about":[{"href":"https:\/\/karpetking.co.uk\/es\/wp-json\/wp\/v2\/types\/page"}],"author":[{"embeddable":true,"href":"https:\/\/karpetking.co.uk\/es\/wp-json\/wp\/v2\/users\/3"}],"replies":[{"embeddable":true,"href":"https:\/\/karpetking.co.uk\/es\/wp-json\/wp\/v2\/comments?post=1701"}],"version-history":[{"count":0,"href":"https:\/\/karpetking.co.uk\/es\/wp-json\/wp\/v2\/pages\/1701\/revisions"}],"wp:attachment":[{"href":"https:\/\/karpetking.co.uk\/es\/wp-json\/wp\/v2\/media?parent=1701"}],"curies":[{"name":"wp","href":"https:\/\/api.w.org\/{rel}","templated":true}]}}